{"id":108,"date":"2009-11-16T16:53:40","date_gmt":"2009-11-16T15:53:40","guid":{"rendered":"http:\/\/afghanhund.se\/dogblogg\/?page_id=108"},"modified":"2020-04-27T01:17:18","modified_gmt":"2020-04-27T00:17:18","slug":"108-2","status":"publish","type":"page","link":"http:\/\/blog.afghanhund.se\/?page_id=108","title":{"rendered":"K9 COMPETITION"},"content":{"rendered":"\n<h5 class=\"has-text-align-center has-vivid-green-cyan-color has-text-color has-normal-font-size wp-block-heading\">Jag har anv\u00e4nt K9\u00b4s produkter nu i s\u00e5 m\u00e5nga \u00e5r att jag slutat r\u00e4kna.<br>Men det \u00e4r 10+ och innan s\u00e5 k\u00f6rde jag med deras serie PCL.<br>Eftersom jag &amp; den d\u00e5varande Afghanhunden Lisa gillade PCL s\u00e5 <br>fick vi \u00e4ran att vara med fr\u00e5n starten av K9 serien och d\u00e5 den med <br>Aloe Vera, vilken vi nu 10 \u00e5r senare fortfarande badar ALLA med.<br><a rel=\"noopener noreferrer\" href=\"http:\/\/www.k9competition.se\/\" target=\"_blank\"><br><\/a><span style=\"font-family: Verdana; font-size: xx-small;\">-=-=-=-=-=-=-=-=-=-=-=-=-=-=-=-=-=-=-=-=-=-=-=-=-=-=-=-=-=-=-=-=-=-=-=-=-=-<\/span><br><a rel=\"noreferrer noopener\" href=\"http:\/\/www.k9competition.se\/\" target=\"_blank\">BES\u00d6K K9 COMPETITION\u00b4s HEMSIDA<\/a><br><span style=\"font-family: Verdana; font-size: xx-small;\">-=-=-=-=-=-=-=-=-=-=-=-=-=-=-=-=-=-=-=-=-=-=-=-=-=-=-=-=-=-=-=-=-=-=-=-=-=-<\/span><br><strong><span style=\"font-family: Verdana; color: #00b900; font-size: xx-small;\"><\/span><\/strong><\/h5>\n","protected":false},"excerpt":{"rendered":"<p>Jag har anv\u00e4nt K9\u00b4s produkter nu i s\u00e5 m\u00e5nga \u00e5r att jag slutat r\u00e4kna.Men det \u00e4r 10+ och innan s\u00e5 k\u00f6rde jag med deras serie PCL.Eftersom jag &amp; den d\u00e5varande Afghanhunden Lisa gillade PCL s\u00e5 fick vi \u00e4ran att vara med fr\u00e5n starten av K9 serien och d\u00e5 den med Aloe Vera, vilken vi nu&#8230; <\/p>\n<div class=\"read-more navbutton\"><a href=\"http:\/\/blog.afghanhund.se\/?page_id=108\">L\u00e4s mer<i class=\"fa fa-angle-double-right\"><\/i><\/a><\/div>\n","protected":false},"author":1,"featured_media":2737,"parent":0,"menu_order":0,"comment_status":"open","ping_status":"closed","template":"","meta":{"_crdt_document":"","jetpack_post_was_ever_published":false,"footnotes":""},"class_list":["post-108","page","type-page","status-publish","has-post-thumbnail","hentry"],"jetpack_shortlink":"https:\/\/wp.me\/PEZmd-1K","jetpack_sharing_enabled":true,"jetpack_likes_enabled":true,"_links":{"self":[{"href":"http:\/\/blog.afghanhund.se\/index.php?rest_route=\/wp\/v2\/pages\/108","targetHints":{"allow":["GET"]}}],"collection":[{"href":"http:\/\/blog.afghanhund.se\/index.php?rest_route=\/wp\/v2\/pages"}],"about":[{"href":"http:\/\/blog.afghanhund.se\/index.php?rest_route=\/wp\/v2\/types\/page"}],"author":[{"embeddable":true,"href":"http:\/\/blog.afghanhund.se\/index.php?rest_route=\/wp\/v2\/users\/1"}],"replies":[{"embeddable":true,"href":"http:\/\/blog.afghanhund.se\/index.php?rest_route=%2Fwp%2Fv2%2Fcomments&post=108"}],"version-history":[{"count":43,"href":"http:\/\/blog.afghanhund.se\/index.php?rest_route=\/wp\/v2\/pages\/108\/revisions"}],"predecessor-version":[{"id":2893,"href":"http:\/\/blog.afghanhund.se\/index.php?rest_route=\/wp\/v2\/pages\/108\/revisions\/2893"}],"wp:featuredmedia":[{"embeddable":true,"href":"http:\/\/blog.afghanhund.se\/index.php?rest_route=\/wp\/v2\/media\/2737"}],"wp:attachment":[{"href":"http:\/\/blog.afghanhund.se\/index.php?rest_route=%2Fwp%2Fv2%2Fmedia&parent=108"}],"curies":[{"name":"wp","href":"https:\/\/api.w.org\/{rel}","templated":true}]}}